{"id":10,"date":"2020-08-07T23:22:16","date_gmt":"2020-08-08T02:22:16","guid":{"rendered":"http:\/\/fundaciontendrel.org\/web\/?page_id=10"},"modified":"2020-08-19T01:07:32","modified_gmt":"2020-08-19T04:07:32","slug":"fundacion-tendrel","status":"publish","type":"page","link":"https:\/\/fundaciontendrel.org\/web\/fundacion-tendrel\/","title":{"rendered":"Fundaci\u00f3n Tendrel"},"content":{"rendered":"<p>[vc_row tm_bgcolor=\u00bbgrey\u00bb tm_bgimagefixed=\u00bb\u00bb full_width=\u00bbstretch_row\u00bb css=\u00bb.vc_custom_1536922640343{padding-bottom: 100px !important;}\u00bb tm_responsive_css=\u00bb76751761|colbreak_no|||||||||colbreak_no|||||0px||0px||colbreak_no||||||||||colbreak_no|||||||||\u00bb][vc_column][\/vc_column][\/vc_row][vc_row tm_bgcolor=\u00bbwhite\u00bb tm_bgimagefixed=\u00bb\u00bb break_in_responsive=\u00bb991&#8243; tm_shadow=\u00bbyes\u00bb css=\u00bb.vc_custom_1597809305749{margin-top: -110px !important;margin-bottom: 74px !important;padding-top: 0px !important;padding-bottom: 10px !important;}\u00bb tm_responsive_css=\u00bb92183170|colbreak_no|||||||||colbreak_no|0px||65px||||||colbreak_no|||0px|||||||colbreak_no|||||||||\u00bb el_class=\u00bbsombra\u00bb][vc_column width=\u00bb1\/2&#8243; css=\u00bb.vc_custom_1597808610163{padding-top: 60px !important;padding-right: 25px !important;padding-bottom: 35px !important;padding-left: 45px !important;}\u00bb tm_responsive_css=\u00bb28822975|colbreak_no|||||||||colbreak_no||||||||15px|colbreak_no||||||||||colbreak_no|||||||||\u00bb]<div class=\"tm-element-heading-wrapper tm-heading-inner tm-element-align-left tm-seperator-solid tm-heading-style-vertical \"><section class=\"tm-vc_cta3-container\"><div class=\"tm-vc_general tm-vc_cta3 tm-cta3-only tm-vc_cta3-style-classic tm-vc_cta3-shape-rounded tm-vc_cta3-align-left tm-vc_cta3-color-transparent tm-vc_cta3-icon-size-md tm-vc_cta3-actions-no tm-cta3-with-desc\"><div class=\"tm-vc_cta3_content-container\"><div class=\"tm-vc_cta3-content\"><header class=\"tm-vc_cta3-content-header tm-wrap\"><div class=\"tm-vc_cta3-headers tm-wrap-cell\"><h4 class=\"tm-custom-heading \" >FUNDACI\u00d3N TENDREL<\/h4>\n<h2 class=\"tm-custom-heading \" >Nuestra Visi\u00f3n<\/h2>\n<\/div><div class=\"heading-seperator\"><span><\/span><\/div><\/header><div class=\"tm-cta3-content-wrapper\"><p>Tendrel significa Coincidencias auspiciosas y define como nombre a esta organizaci\u00f3n para el desarrollo humano que trabaja por y para esas coincidencias.<br \/>\nEs nuestro sue\u00f1o brindar ayuda a recuperar la esencia, la memoria innata del bienestar, el est\u00edmulo al desarrollo del potencial humano donde est\u00e1n las respuestas que hacen posible y sustentables los procesos de cambio y transformaci\u00f3n personal y social.<\/p><\/div><\/div><\/div><\/div><\/section><\/div> <!-- .tm-element-heading-wrapper container --> [\/vc_column][vc_column width=\u00bb1\/2&#8243; css=\u00bb.vc_custom_1597808617686{padding-top: 60px !important;padding-right: 45px !important;padding-bottom: 35px !important;padding-left: 25px !important;}\u00bb]<div class=\"tm-element-heading-wrapper tm-heading-inner tm-element-align-left tm-seperator-solid tm-heading-style-vertical \"><section class=\"tm-vc_cta3-container\"><div class=\"tm-vc_general tm-vc_cta3 tm-cta3-only tm-vc_cta3-style-classic tm-vc_cta3-shape-rounded tm-vc_cta3-align-left tm-vc_cta3-color-transparent tm-vc_cta3-icon-size-md tm-vc_cta3-actions-no tm-cta3-with-desc\"><div class=\"tm-vc_cta3_content-container\"><div class=\"tm-vc_cta3-content\"><header class=\"tm-vc_cta3-content-header tm-wrap\"><div class=\"tm-vc_cta3-headers tm-wrap-cell\"><h4 class=\"tm-custom-heading \" >FUNDACI\u00d3N TENDREL<\/h4>\n<h2 class=\"tm-custom-heading \" >Nuestra Misi\u00f3n<\/h2>\n<\/div><div class=\"heading-seperator\"><span><\/span><\/div><\/header><div class=\"tm-cta3-content-wrapper\"><p>Aplicaci\u00f3n de ciencias y metodolog\u00edas psico-human\u00edsticas basadas en la Gestalt Transpersonal al despertar del potencial humano, estimulando su desarrollo en pos del bienestar, el bien-ser y la convivencia arm\u00f3nica en la comunidad.<\/p><\/div><\/div><\/div><\/div><\/section><\/div> <!-- .tm-element-heading-wrapper container --> [\/vc_column][\/vc_row][vc_row tm_bgimagefixed=\u00bb\u00bb equal_height=\u00bbyes\u00bb content_placement=\u00bbmiddle\u00bb css=\u00bb.vc_custom_1597809361749{padding-top: 0px !important;}\u00bb][vc_column width=\u00bb2\/3&#8243;]<div class=\"tm-element-heading-wrapper tm-heading-inner tm-element-align-left tm-seperator-solid tm-heading-style-vertical \"><section class=\"tm-vc_cta3-container\"><div class=\"tm-vc_general tm-vc_cta3 tm-cta3-only tm-vc_cta3-style-classic tm-vc_cta3-shape-rounded tm-vc_cta3-align-left tm-vc_cta3-color-transparent tm-vc_cta3-icon-size-md tm-vc_cta3-actions-no tm-cta3-with-desc\"><div class=\"tm-vc_cta3_content-container\"><div class=\"tm-vc_cta3-content\"><header class=\"tm-vc_cta3-content-header tm-wrap\"><div class=\"tm-vc_cta3-headers tm-wrap-cell\"><h4 class=\"tm-custom-heading \" >FUNDACI\u00d3N TENDREL<\/h4>\n<h2 class=\"tm-custom-heading \" >Nuestros Valores<\/h2>\n<\/div><div class=\"heading-seperator\"><span><\/span><\/div><\/header><div class=\"tm-cta3-content-wrapper\"><p><strong>Felicidad:<\/strong> Sabemos que todos los seres buscamos la felicidad<br \/>\n<strong>Integridad:<\/strong> Creemos en la integraci\u00f3n de las dimensiones f\u00edsica-emocional-mental-espiritual como eje del desarrollo del hombre y las comunidades<br \/>\n<strong>Solidaridad:<\/strong> Aceptamos que la responsabilidad de todos hacia todos nos hace m\u00e1s humanos y felices<br \/>\n<strong>Dignidad:<\/strong> Reconocemos que compartimos una condici\u00f3n b\u00e1sica como individuos que nos lleva a respetarla<br \/>\n<strong>Educaci\u00f3n:<\/strong> Promovemos el conocimiento y aprendizaje de m\u00e9todos y recursos te\u00f3rico-pr\u00e1cticos, modos operativos que posibilitan a las personas y grupos manejar y mejorar las relaciones con el entorno y las circunstancias que les plantea la propia vida.<br \/>\n<strong>Calidad:<\/strong> Garantizamos nuestros servicios e intervenciones por la cuidadosa formaci\u00f3n y capacitaci\u00f3n de nuestros equipos de trabajo<br \/>\n<strong>Belleza:<\/strong> Entendemos que la armon\u00eda est\u00e9tica de la vida est\u00e1 en el despliegue de la belleza interior de los potenciales humanos virtuosos y sabios.<\/p><\/div><\/div><\/div><\/div><\/section><\/div> <!-- .tm-element-heading-wrapper container --> [\/vc_column][vc_column width=\u00bb1\/3&#8243;][vc_single_image image=\u00bb90&#8243; img_size=\u00bbfull\u00bb alignment=\u00bbcenter\u00bb][\/vc_column][\/vc_row][vc_row tm_bgcolor=\u00bbwhite\u00bb tm_bgimagefixed=\u00bb\u00bb break_in_responsive=\u00bb991&#8243; full_width=\u00bbstretch_row\u00bb equal_height=\u00bbyes\u00bb css=\u00bb.vc_custom_1597809221064{padding-top: 0px !important;padding-bottom: 0px !important;}\u00bb tm_responsive_css=\u00bb31766833|colbreak_no|||||||||colbreak_no|0px||||||||colbreak_no||||||||||colbreak_no|||||||||\u00bb][vc_column tm_col_bg_expand=\u00bbleft\u00bb tm_zindex=\u00bb2&#8243; width=\u00bb5\/12&#8243; css=\u00bb.vc_custom_1597809504638{background-image: url(http:\/\/fundaciontendrel.org\/web\/wp-content\/uploads\/2020\/08\/img-tendrel-panadero.jpg?id=88) !important;background-position: center !important;background-repeat: no-repeat !important;background-size: cover !important;}\u00bb][\/vc_column][vc_column tm_bgcolor=\u00bbdarkgrey\u00bb tm_col_bg_expand=\u00bbright\u00bb tm_zindex=\u00bb2&#8243; width=\u00bb7\/12&#8243; css=\u00bb.vc_custom_1597809238992{padding-top: 60px !important;padding-right: 70px !important;padding-bottom: 60px !important;padding-left: 90px !important;}\u00bb tm_responsive_css=\u00bb58794642|colbreak_no|||||||||colbreak_no||||0px|35px|15px|35px|15px|colbreak_no||||||||||colbreak_no|||||||||\u00bb]<div class=\"tm-element-heading-wrapper tm-heading-inner tm-element-align-left tm-seperator-solid tm-heading-style-vertical \"><section class=\"tm-vc_cta3-container\"><div class=\"tm-vc_general tm-vc_cta3 tm-cta3-only tm-vc_cta3-style-classic tm-vc_cta3-shape-rounded tm-vc_cta3-align-left tm-vc_cta3-color-transparent tm-vc_cta3-icon-size-md tm-vc_cta3-actions-no tm-cta3-with-desc\"><div class=\"tm-vc_cta3_content-container\"><div class=\"tm-vc_cta3-content\"><header class=\"tm-vc_cta3-content-header tm-wrap\"><div class=\"tm-vc_cta3-headers tm-wrap-cell\"><h4 class=\"tm-custom-heading \" >Consejo de Administraci\u00f3n<\/h4>\n<h2 class=\"tm-custom-heading \" >Junta Directiva<\/h2>\n<\/div><div class=\"heading-seperator\"><span><\/span><\/div><\/header><div class=\"tm-cta3-content-wrapper\"><p><strong>Presidente:<\/strong> Ps. Gloria Mar\u00eda Bredice<br \/>\n<strong>Secretario:<\/strong> Prof. Jos\u00e9 Luis Tomei<br \/>\n<strong>Tesorero:<\/strong> Lic. Hilda Besso<br \/>\n<strong>Vocal:<\/strong> Counselor Melina Quevedo<br \/>\n<strong>Vocal:<\/strong> Lic. Gonzalo Quevedo<\/p><\/div><\/div><\/div><\/div><\/section><\/div> <!-- .tm-element-heading-wrapper container --> [\/vc_column][\/vc_row]<\/p>\n","protected":false},"excerpt":{"rendered":"<p>[vc_row tm_bgcolor=\u00bbgrey\u00bb tm_bgimagefixed=\u00bb\u00bb full_width=\u00bbstretch_row\u00bb css=\u00bb.vc_custom_1536922640343{padding-bottom: 100px !important;}\u00bb tm_responsive_css=\u00bb76751761|colbreak_no|||||||||colbreak_no|||||0px||0px||colbreak_no||||||||||colbreak_no|||||||||\u00bb][vc_column][\/vc_column][\/vc_row][vc_row tm_bgcolor=\u00bbwhite\u00bb tm_bgimagefixed=\u00bb\u00bb break_in_responsive=\u00bb991&#8243; tm_shadow=\u00bbyes\u00bb css=\u00bb.vc_custom_1597809305749{margin-top: -110px !important;margin-bottom: 74px !important;padding-top: 0px !important;padding-bottom: 10px !important;}\u00bb tm_responsive_css=\u00bb92183170|colbreak_no|||||||||colbreak_no|0px||65px||||||colbreak_no|||0px|||||||colbreak_no|||||||||\u00bb el_class=\u00bbsombra\u00bb][vc_column width=\u00bb1\/2&#8243; css=\u00bb.vc_custom_1597808610163{padding-top: 60px !important;padding-right: 25px !important;padding-bottom: 35px !important;padding-left: 45px !important;}\u00bb tm_responsive_css=\u00bb28822975|colbreak_no|||||||||colbreak_no||||||||15px|colbreak_no||||||||||colbreak_no|||||||||\u00bb][\/vc_column][vc_column width=\u00bb1\/2&#8243; css=\u00bb.vc_custom_1597808617686{padding-top: 60px !important;padding-right: 45px !important;padding-bottom: 35px !important;padding-left: 25px !important;}\u00bb][\/vc_column][\/vc_row][vc_row tm_bgimagefixed=\u00bb\u00bb equal_height=\u00bbyes\u00bb content_placement=\u00bbmiddle\u00bb css=\u00bb.vc_custom_1597809361749{padding-top: 0px !important;}\u00bb][vc_column width=\u00bb2\/3&#8243;][\/vc_column][vc_column width=\u00bb1\/3&#8243;][vc_single_image image=\u00bb90&#8243; img_size=\u00bbfull\u00bb alignment=\u00bbcenter\u00bb][\/vc_column][\/vc_row][vc_row &hellip; <a href=\"https:\/\/fundaciontendrel.org\/web\/fundacion-tendrel\/\" class=\"more-link\">Continue reading <span class=\"screen-reader-text\">Fundaci\u00f3n Tendrel<\/span><\/a><\/p>\n","protected":false},"author":2,"featured_media":0,"parent":0,"menu_order":0,"comment_status":"closed","ping_status":"closed","template":"","meta":{"footnotes":""},"class_list":["post-10","page","type-page","status-publish","hentry"],"_links":{"self":[{"href":"https:\/\/fundaciontendrel.org\/web\/wp-json\/wp\/v2\/pages\/10","targetHints":{"allow":["GET"]}}],"collection":[{"href":"https:\/\/fundaciontendrel.org\/web\/wp-json\/wp\/v2\/pages"}],"about":[{"href":"https:\/\/fundaciontendrel.org\/web\/wp-json\/wp\/v2\/types\/page"}],"author":[{"embeddable":true,"href":"https:\/\/fundaciontendrel.org\/web\/wp-json\/wp\/v2\/users\/2"}],"replies":[{"embeddable":true,"href":"https:\/\/fundaciontendrel.org\/web\/wp-json\/wp\/v2\/comments?post=10"}],"version-history":[{"count":23,"href":"https:\/\/fundaciontendrel.org\/web\/wp-json\/wp\/v2\/pages\/10\/revisions"}],"predecessor-version":[{"id":358,"href":"https:\/\/fundaciontendrel.org\/web\/wp-json\/wp\/v2\/pages\/10\/revisions\/358"}],"wp:attachment":[{"href":"https:\/\/fundaciontendrel.org\/web\/wp-json\/wp\/v2\/media?parent=10"}],"curies":[{"name":"wp","href":"https:\/\/api.w.org\/{rel}","templated":true}]}}