{"id":102,"date":"2020-08-19T14:28:25","date_gmt":"2020-08-19T17:28:25","guid":{"rendered":"http:\/\/fundaciontendrel.org\/web\/?page_id=102"},"modified":"2022-01-06T17:34:36","modified_gmt":"2022-01-06T20:34:36","slug":"counseling-gestalt","status":"publish","type":"page","link":"https:\/\/fundaciontendrel.org\/web\/formacion-profesional\/counseling-gestalt\/","title":{"rendered":"Counseling Gestalt"},"content":{"rendered":"<p>[vc_row tm_bgimagefixed=\u00bb\u00bb css=\u00bb.vc_custom_1597886995281{padding-bottom: 40px !important;}\u00bb][vc_column]<div class=\"tm-element-heading-wrapper tm-heading-inner tm-element-align-left tm-seperator-solid tm-heading-style-horizontal \"><section class=\"tm-vc_cta3-container\"><div class=\"tm-vc_general tm-vc_cta3 tm-cta3-only tm-vc_cta3-style-classic tm-vc_cta3-shape-rounded tm-vc_cta3-align-left tm-vc_cta3-color-transparent tm-vc_cta3-icon-size-md tm-vc_cta3-actions-no tm-cta3-with-desc\"><div class=\"tm-vc_cta3_content-container\"><div class=\"tm-vc_cta3-content\"><header class=\"tm-vc_cta3-content-header tm-wrap\"><div class=\"tm-vc_cta3-headers tm-wrap-cell\"><h4 class=\"tm-custom-heading \" >TECNICATURA<\/h4>\n<h2 class=\"tm-custom-heading \" >Counseling Gestalt<\/h2>\n<\/div><div class=\"heading-seperator\"><span><\/span><\/div><\/header><div class=\"tm-cta3-content-wrapper\"><p>INFORMES E INSCRIPCI\u00d3N<br \/>\nCLOR EMILSE CASIM: 341 6922579<br \/>\nemicasim07@hotmail.com<\/p><\/div><\/div><\/div><\/div><\/section><\/div> <!-- .tm-element-heading-wrapper container --> [\/vc_column][\/vc_row][vc_row tm_bgimagefixed=\u00bb\u00bb equal_height=\u00bbyes\u00bb css=\u00bb.vc_custom_1597887004201{padding-top: 0px !important;padding-bottom: 40px !important;}\u00bb][vc_column width=\u00bb1\/2&#8243;]<div class=\"tm-element-heading-wrapper tm-heading-inner tm-element-align-left tm-seperator-solid tm-heading-style-vertical \"><section class=\"tm-vc_cta3-container\"><div class=\"tm-vc_general tm-vc_cta3 tm-cta3-only tm-vc_cta3-style-classic tm-vc_cta3-shape-rounded tm-vc_cta3-align-left tm-vc_cta3-color-transparent tm-vc_cta3-icon-size-md tm-vc_cta3-actions-no tm-cta3-with-desc\"><div class=\"tm-vc_cta3_content-container\"><div class=\"tm-vc_cta3-content\"><header class=\"tm-vc_cta3-content-header tm-wrap\"><div class=\"tm-vc_cta3-headers tm-wrap-cell\"><h2 style=\"font-size:35px;line-height:45px;\" class=\"tm-custom-heading \" >Qu\u00e9 es el Counseling Gestalt?<\/h2>\n<\/div><div class=\"heading-seperator\"><span><\/span><\/div><\/header><div class=\"tm-cta3-content-wrapper\"><p>Es un modelo de relaci\u00f3n de ayuda que integra el enfoque centrado en la persona de Carl Rogers, el abordaje experiencial de la Gestalt y el paradigma evolutivo de Conciencia. En esta relaci\u00f3n de ayuda el profesional (Counselor) interviene facilitando al consultante la resoluci\u00f3n del conflicto utilizando una metodolog\u00eda de abordaje experiencial que integra mente (pensar), cuerpo (sentir) y esp\u00edritu (conciencia), entendiendo que el verdadero aprendizaje s\u00f3lo tiene lugar en la experiencia.<\/p>\n<p>La Gestalt, es la rama human\u00edstica por excelencia de la psicolog\u00eda y es un enfoque que ilumina la naturaleza humana desde distintos \u00e1ngulos y contribuye al desarrollo de las potencialidades de las persona, aumentando su capacidad de autoconocimiento y autoasistencia. El enfoque gest\u00e1ltico propone darles a las personas un instrumento para incrementar su autoconocimiento y as\u00ed realizar nuevas s\u00edntesis existenciales.<\/p><\/div><\/div><\/div><\/div><\/section><\/div> <!-- .tm-element-heading-wrapper container --> [\/vc_column][vc_column width=\u00bb1\/2&#8243;][vc_empty_space height=\u00bb20px\u00bb][vc_single_image image=\u00bb132&#8243; img_size=\u00bbfull\u00bb alignment=\u00bbcenter\u00bb style=\u00bbvc_box_rounded\u00bb][\/vc_column][\/vc_row][vc_row tm_bgimagefixed=\u00bb\u00bb css=\u00bb.vc_custom_1597887011638{padding-top: 0px !important;padding-bottom: 40px !important;}\u00bb][vc_column][vc_tta_tabs shape=\u00bbrounded\u00bb active_section=\u00bb1&#8243; el_class=\u00bbtm-fluid-menu\u00bb][vc_tta_section i_type=\u00bblinecons\u00bb i_icon_linecons=\u00bbvc_li vc_li-study\u00bb add_icon=\u00bbtrue\u00bb title=\u00bbPerfil de la Carrera\u00bb tab_id=\u00bbperfil-carrera\u00bb][vc_column_text]Esta carrera t\u00e9cnico-human\u00edstica capacita para intervenir en problemas de la vida cotidiana relacionados con crisis vitales, estr\u00e9s, conflictos, sexualidad, adolescencia, pareja, grupos, entre otros, promoviendo\u00a0\u00a0el desarrollo de recursos\u00a0\u00a0y habilidades personales para su resoluci\u00f3n.<\/p>\n<p>Incorpora, integra y combina disciplinas psicocorporales, como la Bioenerg\u00eda, t\u00e9cnicas expresivas, de conciencia corporal y creatividad, sue\u00f1os y meditaciones. La intervenci\u00f3n terap\u00e9utica puede ser en forma individual o grupal, con focalizaci\u00f3n en problem\u00e1ticas o con propuestas de procesos de autoconocimiento,<\/p>\n<p>El rol del consultor gestalt es el rol de un facilitador que se encarga de ayudar a las personas para que logren un mejor contacto con s\u00ed mismos, encuentren y desarrollen su propio potencial,\u00a0\u00a0se sientan capaces de volver a fluir naturalmente con el ritmo de la vida y\u00a0\u00a0resuelvan satisfactoriamente sus problem\u00e1ticas.<\/p>\n<p><strong>Competencias Laborales<\/strong><br \/>\nEste es un tiempo de surgimiento de nuevas profesiones acordes a las necesidades que se presentan a las personas en su vida cotidiana. La consultor\u00eda human\u00edstica es una intervenci\u00f3n que puede ser individual, grupal o ser requerida por una organizaci\u00f3n que requiera\u00a0\u00a0ayuda para:<br \/>\n\u2022\u00a0\u00a0Abordar una circunstancia que necesitan afrontar, resolver y superar con apoyo del consultor.<br \/>\n\u2022\u00a0\u00a0Conocer, implementar y desarrollar aspectos y potenciales\u00a0\u00a0que\u00a0\u00a0mejoren la vida personal y del grupo.<br \/>\n\u2022\u00a0\u00a0Entrenarse en\u00a0\u00a0recursos y t\u00e9cnicas que optimicen el bienestar, desarrollo personal y profesional.[\/vc_column_text][\/vc_tta_section][vc_tta_section i_type=\u00bblinecons\u00bb i_icon_linecons=\u00bbvc_li vc_li-note\u00bb add_icon=\u00bbtrue\u00bb title=\u00bbT\u00edtulo otorgado\u00bb tab_id=\u00bbtitulo-otorgado\u00bb][vc_column_text]<\/p>\n<p style=\"text-align: center;\">T\u00edtulo privado oficial\u00a0\u00a0de Consultor Gest\u00e1ltico (COUNSELOR GESTALT)<\/p>\n<p class=\"_04xlpA direction-ltr align-center para-style-body\" style=\"text-align: center;\"><span class=\"JsGRdQ\">Certificaci\u00f3n oficial emitida por FUNDACI\u00d3N TENDREL<\/span><\/p>\n<p class=\"_04xlpA direction-ltr align-center para-style-body\" style=\"text-align: center;\"><span class=\"JsGRdQ\">Pers. Jur\u00eddica Resol. N\u00ba0048\/2008<\/span><\/p>\n<p>CONVENIOS INSTITUCIONALES NACIONALES E INTERNACIONALES:<\/p>\n<ul>\n<li><span class=\"JsGRdQ\">INSTITUTO EDUCATIVO PRIVADO N\u00b01 PCIA DE CHACO (Articulaci\u00f3n para Tecnicatura en Counseling &#8211; 18 meses)<\/span><\/li>\n<\/ul>\n<ul>\n<li><span class=\"JsGRdQ\">AECO (Asociaci\u00f3n Espa\u00f1ola de Counseling &#8211; Acreditaci\u00f3n directa para pertenecer a la Asociaci\u00f3n)<\/span><\/li>\n<\/ul>\n<p>[\/vc_column_text][\/vc_tta_section][vc_tta_section i_type=\u00bblinecons\u00bb i_icon_linecons=\u00bbvc_li vc_li-pen\u00bb add_icon=\u00bbtrue\u00bb title=\u00bbCursado\u00bb tab_id=\u00bbcursado\u00bb][vc_column_text]<strong>INFORMACI\u00d3N INSCRIPCI\u00d3N 2022<\/strong><\/p>\n<p>**IMPORTANTE: Las clases presenciales quedan sujetas a las disposiciones gubernamentales referidas a las habilitaciones en el contexto de la situaci\u00f3n sanitaria. En caso de no contar con esta posibilidad, desarrollaremos todas las modalidades de forma online**<\/p>\n<p><strong>Modalidades:<\/strong><br \/>\nPRIMER A\u00d1O:<\/p>\n<p>SEMANAL &#8211; PRESENCIAL \/ ON LINE<\/p>\n<p>Semanal: MARTES de 14 a 17:30hs.<\/p>\n<p>INTENSIVA &#8211; PRESENCIAL \/ ON LINE<\/p>\n<p>Mensual: los segundos y cuartos S\u00c1BADOS de cada mes 9:00 a 17:00hs.<\/p>\n<p><strong>INICIA EN MARZO 2022<\/strong><\/p>\n<p>Cursado Semanal: Martes 15 de Marzo 14:00hs.<\/p>\n<p>Cursado Intensivo: S\u00e1bado 12 de Marzo 9:00hs.<\/p>\n<p><strong>Duraci\u00f3n de la carrera:<\/strong> 3 a\u00f1os con certificaciones anuales<\/p>\n<p>1\u00b0 A\u00f1o -Desarrollo Personal<\/p>\n<p>2\u00b0 A\u00f1o- Coordinaci\u00f3n de Grupos<\/p>\n<p>3 \u00b0 A\u00f1o &#8211; Counselor (Consultor) Gestalt<\/p>\n<p><strong>Requisitos para acceder a la Certificaci\u00f3n:<\/strong><\/p>\n<ul>\n<li>Asistencia m\u00ednima requerida de 80% de cursado, equivalente a 200 hs c\u00e1tedra por a\u00f1o.<\/li>\n<li>Asistencia a las Jornadas Experienciales.<\/li>\n<li>Presentaci\u00f3n y aprobaci\u00f3n de trabajos pr\u00e1cticos e informe de Pasant\u00eda.<\/li>\n<li>Supervisi\u00f3n de procesos (equivalente a 16 hs. reloj)<\/li>\n<li>Proceso personal (equivalente a 16 hs. reloj)<\/li>\n<\/ul>\n<p>[\/vc_column_text][\/vc_tta_section][vc_tta_section i_type=\u00bblinecons\u00bb i_icon_linecons=\u00bbvc_li vc_li-vallet\u00bb add_icon=\u00bbtrue\u00bb title=\u00bbAranceles\u00bb tab_id=\u00bbaranceles\u00bb][vc_column_text]<strong>Inscripci\u00f3n 2022:<\/strong> $ 5000\u00a0 hasta el 31\/12( puede abonarse en 3 cuotas )<\/p>\n<p>A partir 1\/01\/2022 $6000 (puede abonarse en 3 cuotas consecutivas)<\/p>\n<p><strong>Cuota mensual:<\/strong> $7500 (se abona de marzo a diciembre inclusive &#8211; se actualiza en agosto)<\/p>\n<p><strong>Requisitos de Inscripci\u00f3n:<\/strong><br \/>\nEntrevista personal<br \/>\nCompletar ficha de Inscripci\u00f3n, Fotocopia de DNI, 2 fotos 4 x 4,<br \/>\nFotocopias Partida de Nacimiento, y T\u00edtulo secundario<br \/>\nCertificado de buena salud (p\u00fablico o privado)[\/vc_column_text][\/vc_tta_section][\/vc_tta_tabs][\/vc_column][\/vc_row][vc_row tm_bgimagefixed=\u00bb\u00bb full_width=\u00bbstretch_row\u00bb css=\u00bb.vc_custom_1597857768831{background-image: url(http:\/\/fundaciontendrel.org\/web\/wp-content\/uploads\/2020\/08\/bg-mac.jpg?id=104) !important;background-position: center !important;background-repeat: no-repeat !important;background-size: cover !important;}\u00bb][vc_column][vc_row_inner][vc_column_inner tm_bgcolor=\u00bbwhite\u00bb el_class=\u00bbsombra\u00bb width=\u00bb1\/6&#8243;][\/vc_column_inner][vc_column_inner tm_bgcolor=\u00bbwhite\u00bb el_class=\u00bbsombra\u00bb width=\u00bb2\/3&#8243; css=\u00bb.vc_custom_1597857838134{padding-top: 35px !important;padding-right: 35px !important;padding-bottom: 35px !important;padding-left: 35px !important;}\u00bb]<div class=\"tm-element-heading-wrapper tm-heading-inner tm-element-align-center tm-seperator-solid tm-heading-style-vertical \"><section class=\"tm-vc_cta3-container\"><div class=\"tm-vc_general tm-vc_cta3 tm-cta3-only tm-vc_cta3-style-classic tm-vc_cta3-shape-rounded tm-vc_cta3-align-center tm-vc_cta3-color-transparent tm-vc_cta3-icon-size-md tm-vc_cta3-actions-no tm-cta3-without-desc\"><div class=\"tm-vc_cta3_content-container\"><div class=\"tm-vc_cta3-content\"><header class=\"tm-vc_cta3-content-header tm-wrap\"><div class=\"tm-vc_cta3-headers tm-wrap-cell\"><h4 class=\"tm-custom-heading \" >FORMACI\u00d3N PROFESIONAL<\/h4>\n<h2 class=\"tm-custom-heading \" >Cambi\u00e1 tu futuro desde hoy<\/h2>\n<\/div><div class=\"heading-seperator\"><span><\/span><\/div><\/header><\/div><\/div><\/div><\/section><\/div> <!-- .tm-element-heading-wrapper container --> \n<div class=\"wpcf7 no-js\" id=\"wpcf7-f103-o1\" lang=\"es-ES\" dir=\"ltr\" data-wpcf7-id=\"103\">\n<div class=\"screen-reader-response\"><p role=\"status\" aria-live=\"polite\" aria-atomic=\"true\"><\/p> <ul><\/ul><\/div>\n<form action=\"\/web\/wp-json\/wp\/v2\/pages\/102#wpcf7-f103-o1\" method=\"post\" class=\"wpcf7-form init\" aria-label=\"Formulario de contacto\" novalidate=\"novalidate\" data-status=\"init\">\n<fieldset class=\"hidden-fields-container\"><input type=\"hidden\" name=\"_wpcf7\" value=\"103\" \/><input type=\"hidden\" name=\"_wpcf7_version\" value=\"6.1.6\" \/><input type=\"hidden\" name=\"_wpcf7_locale\" value=\"es_ES\" \/><input type=\"hidden\" name=\"_wpcf7_unit_tag\" value=\"wpcf7-f103-o1\" \/><input type=\"hidden\" name=\"_wpcf7_container_post\" value=\"0\" \/><input type=\"hidden\" name=\"_wpcf7_posted_data_hash\" value=\"\" \/><input type=\"hidden\" name=\"_wpcf7_recaptcha_response\" value=\"\" \/>\n<\/fieldset>\n<div class=\"tm-contactform tm-commonform\">\n\t<div class=\"row\">\n\t\t<div class=\"col-xs-6\">\n\t\t\t<div class=\"field-group\">\n\t\t\t\t<p><span class=\"wpcf7-form-control-wrap\" data-name=\"nombre\"><input size=\"40\" maxlength=\"400\" class=\"wpcf7-form-control wpcf7-text wpcf7-validates-as-required\" aria-required=\"true\" aria-invalid=\"false\" placeholder=\"Tu Nombre y Apellido *\" value=\"\" type=\"text\" name=\"nombre\" \/><\/span>\n\t\t\t\t<\/p>\n\t\t\t<\/div>\n\t\t<\/div>\n\t\t<div class=\"col-xs-6\">\n\t\t\t<div class=\"field-group\">\n\t\t\t\t<p><span class=\"wpcf7-form-control-wrap\" data-name=\"email\"><input size=\"40\" maxlength=\"400\" class=\"wpcf7-form-control wpcf7-email wpcf7-validates-as-required wpcf7-text wpcf7-validates-as-email\" aria-required=\"true\" aria-invalid=\"false\" placeholder=\"Tu Email *\" value=\"\" type=\"email\" name=\"email\" \/><\/span>\n\t\t\t\t<\/p>\n\t\t\t<\/div>\n\t\t<\/div>\n\t<\/div>\n\t<div class=\"row\">\n\t\t<div class=\"col-xs-6\">\n\t\t\t<div class=\"field-group\">\n\t\t\t\t<p><span class=\"wpcf7-form-control-wrap\" data-name=\"telefono\"><input size=\"40\" maxlength=\"400\" class=\"wpcf7-form-control wpcf7-text wpcf7-validates-as-required\" aria-required=\"true\" aria-invalid=\"false\" placeholder=\"Tu Telefono\" value=\"\" type=\"text\" name=\"telefono\" \/><\/span>\n\t\t\t\t<\/p>\n\t\t\t<\/div>\n\t\t<\/div>\n\t\t<div class=\"col-xs-6\">\n\t\t\t<div class=\"field-group\">\n\t\t\t\t<p><span class=\"wpcf7-form-control-wrap\" data-name=\"localidad\"><input size=\"40\" maxlength=\"400\" class=\"wpcf7-form-control wpcf7-text wpcf7-validates-as-required\" aria-required=\"true\" aria-invalid=\"false\" placeholder=\"Tu Localidad\" value=\"\" type=\"text\" name=\"localidad\" \/><\/span>\n\t\t\t\t<\/p>\n\t\t\t<\/div>\n\t\t<\/div>\n\t<\/div>\n\t<div class=\"row\">\n\t\t<div class=\"col-xs-12 col-sm-12\">\n\t\t\t<div class=\"field-group\">\n\t\t\t\t<p><span class=\"wpcf7-form-control-wrap\" data-name=\"consulta\"><textarea cols=\"40\" rows=\"10\" maxlength=\"2000\" class=\"wpcf7-form-control wpcf7-textarea wpcf7-validates-as-required\" aria-required=\"true\" aria-invalid=\"false\" placeholder=\"Detalles adicionales...\" name=\"consulta\"><\/textarea><\/span>\n\t\t\t\t<\/p>\n\t\t\t<\/div>\n\t\t<\/div>\n\t<\/div>\n\t<div class=\"row\">\n\t\t<div class=\"col-xs-12 col-sm-12 tm-book-submitbt\">\n\t\t\t<p><input class=\"wpcf7-form-control wpcf7-submit has-spinner tm-vc_general tm-vc_btn3 tm-vc_btn3-style-outline tm-vc_btn3-size-md tm-vc_btn3-color-skincolor\" type=\"submit\" value=\"Enviar Consulta!\" \/>\n\t\t\t<\/p>\n\t\t<\/div>\n\t<\/div>\n<\/div><div class=\"wpcf7-response-output\" aria-hidden=\"true\"><\/div>\n<\/form>\n<\/div>\n[\/vc_column_inner][vc_column_inner width=\u00bb1\/6&#8243;][\/vc_column_inner][\/vc_row_inner][\/vc_column][\/vc_row]<\/p>\n","protected":false},"excerpt":{"rendered":"<p>[vc_row tm_bgimagefixed=\u00bb\u00bb css=\u00bb.vc_custom_1597886995281{padding-bottom: 40px !important;}\u00bb][vc_column][\/vc_column][\/vc_row][vc_row tm_bgimagefixed=\u00bb\u00bb equal_height=\u00bbyes\u00bb css=\u00bb.vc_custom_1597887004201{padding-top: 0px !important;padding-bottom: 40px !important;}\u00bb][vc_column width=\u00bb1\/2&#8243;][\/vc_column][vc_column width=\u00bb1\/2&#8243;][vc_empty_space height=\u00bb20px\u00bb][vc_single_image image=\u00bb132&#8243; img_size=\u00bbfull\u00bb alignment=\u00bbcenter\u00bb style=\u00bbvc_box_rounded\u00bb][\/vc_column][\/vc_row][vc_row tm_bgimagefixed=\u00bb\u00bb css=\u00bb.vc_custom_1597887011638{padding-top: 0px !important;padding-bottom: 40px !important;}\u00bb][vc_column][vc_tta_tabs shape=\u00bbrounded\u00bb active_section=\u00bb1&#8243; el_class=\u00bbtm-fluid-menu\u00bb][vc_tta_section i_type=\u00bblinecons\u00bb i_icon_linecons=\u00bbvc_li vc_li-study\u00bb add_icon=\u00bbtrue\u00bb title=\u00bbPerfil de la Carrera\u00bb tab_id=\u00bbperfil-carrera\u00bb][vc_column_text]Esta carrera t\u00e9cnico-human\u00edstica capacita para intervenir en problemas de la vida cotidiana relacionados con crisis vitales, estr\u00e9s, conflictos, sexualidad, &hellip; <a href=\"https:\/\/fundaciontendrel.org\/web\/formacion-profesional\/counseling-gestalt\/\" class=\"more-link\">Continue reading <span class=\"screen-reader-text\">Counseling Gestalt<\/span><\/a><\/p>\n","protected":false},"author":2,"featured_media":0,"parent":14,"menu_order":0,"comment_status":"closed","ping_status":"closed","template":"","meta":{"footnotes":""},"class_list":["post-102","page","type-page","status-publish","hentry"],"_links":{"self":[{"href":"https:\/\/fundaciontendrel.org\/web\/wp-json\/wp\/v2\/pages\/102","targetHints":{"allow":["GET"]}}],"collection":[{"href":"https:\/\/fundaciontendrel.org\/web\/wp-json\/wp\/v2\/pages"}],"about":[{"href":"https:\/\/fundaciontendrel.org\/web\/wp-json\/wp\/v2\/types\/page"}],"author":[{"embeddable":true,"href":"https:\/\/fundaciontendrel.org\/web\/wp-json\/wp\/v2\/users\/2"}],"replies":[{"embeddable":true,"href":"https:\/\/fundaciontendrel.org\/web\/wp-json\/wp\/v2\/comments?post=102"}],"version-history":[{"count":40,"href":"https:\/\/fundaciontendrel.org\/web\/wp-json\/wp\/v2\/pages\/102\/revisions"}],"predecessor-version":[{"id":350,"href":"https:\/\/fundaciontendrel.org\/web\/wp-json\/wp\/v2\/pages\/102\/revisions\/350"}],"up":[{"embeddable":true,"href":"https:\/\/fundaciontendrel.org\/web\/wp-json\/wp\/v2\/pages\/14"}],"wp:attachment":[{"href":"https:\/\/fundaciontendrel.org\/web\/wp-json\/wp\/v2\/media?parent=102"}],"curies":[{"name":"wp","href":"https:\/\/api.w.org\/{rel}","templated":true}]}}