{"id":168,"date":"2020-08-20T00:46:35","date_gmt":"2020-08-20T03:46:35","guid":{"rendered":"http:\/\/fundaciontendrel.org\/web\/?page_id=168"},"modified":"2022-03-15T11:11:50","modified_gmt":"2022-03-15T14:11:50","slug":"formacion-en-psicologia-transpersonal","status":"publish","type":"page","link":"https:\/\/fundaciontendrel.org\/web\/cursos-y-capacitaciones\/formacion-en-psicologia-transpersonal\/","title":{"rendered":"Formaci\u00f3n en Psicolog\u00eda Transpersonal"},"content":{"rendered":"<p>[vc_row tm_bgimagefixed=\u00bb\u00bb css=\u00bb.vc_custom_1597886995281{padding-bottom: 40px !important;}\u00bb][vc_column]<div class=\"tm-element-heading-wrapper tm-heading-inner tm-element-align-left tm-seperator-solid tm-heading-style-horizontal \"><section class=\"tm-vc_cta3-container\"><div class=\"tm-vc_general tm-vc_cta3 tm-cta3-only tm-vc_cta3-style-classic tm-vc_cta3-shape-rounded tm-vc_cta3-align-left tm-vc_cta3-color-transparent tm-vc_cta3-icon-size-md tm-vc_cta3-actions-no tm-cta3-with-desc\"><div class=\"tm-vc_cta3_content-container\"><div class=\"tm-vc_cta3-content\"><header class=\"tm-vc_cta3-content-header tm-wrap\"><div class=\"tm-vc_cta3-headers tm-wrap-cell\"><h4 class=\"tm-custom-heading \" >FORMACI\u00d3N<\/h4>\n<h2 class=\"tm-custom-heading \" >Psicolog\u00eda Transpersonal<\/h2>\n<\/div><div class=\"heading-seperator\"><span><\/span><\/div><\/header><div class=\"tm-cta3-content-wrapper\"><p>ESCUELA DE FORMACI\u00d3N PSIC. TRANSPERSONAL<br \/>\nDirectora Gloria Mar\u00eda Bredice<\/p><\/div><\/div><\/div><\/div><\/section><\/div> <!-- .tm-element-heading-wrapper container --> [\/vc_column][\/vc_row][vc_row tm_bgimagefixed=\u00bb\u00bb equal_height=\u00bbyes\u00bb css=\u00bb.vc_custom_1597887004201{padding-top: 0px !important;padding-bottom: 40px !important;}\u00bb][vc_column width=\u00bb1\/2&#8243;]<div class=\"tm-element-heading-wrapper tm-heading-inner tm-element-align-left tm-seperator-solid tm-heading-style-vertical \"><section class=\"tm-vc_cta3-container\"><div class=\"tm-vc_general tm-vc_cta3 tm-cta3-only tm-vc_cta3-style-classic tm-vc_cta3-shape-rounded tm-vc_cta3-align-left tm-vc_cta3-color-transparent tm-vc_cta3-icon-size-md tm-vc_cta3-actions-no tm-cta3-with-desc\"><div class=\"tm-vc_cta3_content-container\"><div class=\"tm-vc_cta3-content\"><header class=\"tm-vc_cta3-content-header tm-wrap\"><div class=\"tm-vc_cta3-headers tm-wrap-cell\"><h2 style=\"font-size:35px;line-height:45px;\" class=\"tm-custom-heading \" >Psicolog\u00eda Transpersonal<\/h2>\n<\/div><div class=\"heading-seperator\"><span><\/span><\/div><\/header><div class=\"tm-cta3-content-wrapper\"><p>Se introduce el t\u00e9rmino Transpersonal para indicar aquello que normalmente se designa como espiritual. La experiencia transpersonal es la posibilidad de vivir estados no ordinarios de conciencia. Es la experiencia m\u00e1s all\u00e1 de nuestra propia identidad., trascendiendo las fronteras del yo o ego.<\/p>\n<p>El movimiento transpersonal trabaja sobre el estudio cient\u00edfico de los estados no comunes de conciencia, contin\u00faa con la revelaci\u00f3n por parte de la psicolog\u00eda de las religiones, y el estudio m\u00edstico comparado.<\/p>\n<p>Desde la psicolog\u00eda transpersonal se comprende al ser humano como un ser bio-psico-socio-eco-espiritual, y se entiende la psique como una combinaci\u00f3n del \u201cego\u201d y el \u201cser\u201d, estructurada en tres niveles de consciencia: inconsciente, consciente y superconsciente. Para llegar al desarrollo transpersonal hace falta desarrollar los niveles de consciencia antecedentes. (evoluci\u00f3n de la conciencia)<\/p>\n<p>As\u00ed pues, la psicolog\u00eda transpersonal hace referencia a un desarrollo de la consciencia \u00f3ptimo. Por eso, en psicoterapia transpersonal, la enfermedad mental no se entiende como una \u201cenfermedad\u201d, sino como un s\u00edntoma que est\u00e1 escondiendo una oportunidad de desarrollo consciente y su consecuente bienestar y crecimiento personal.<\/p>\n<p>La terapia ser\u00e1 la comprensi\u00f3n de los mecanismos inconscientes, sutiles que est\u00e1n impidiendo evolucionar espiritualmente a la persona.<\/p><\/div><\/div><\/div><\/div><\/section><\/div> <!-- .tm-element-heading-wrapper container --> [\/vc_column][vc_column width=\u00bb1\/2&#8243;][vc_empty_space height=\u00bb20px\u00bb][vc_single_image image=\u00bb175&#8243; img_size=\u00bbfull\u00bb alignment=\u00bbcenter\u00bb style=\u00bbvc_box_rounded\u00bb][\/vc_column][\/vc_row][vc_row tm_bgimagefixed=\u00bb\u00bb css=\u00bb.vc_custom_1597887011638{padding-top: 0px !important;padding-bottom: 40px !important;}\u00bb][vc_column][vc_tta_tabs shape=\u00bbrounded\u00bb active_section=\u00bb1&#8243; el_class=\u00bbtm-fluid-menu\u00bb][vc_tta_section i_type=\u00bblinecons\u00bb i_icon_linecons=\u00bbvc_li vc_li-study\u00bb add_icon=\u00bbtrue\u00bb title=\u00bbLa Formaci\u00f3n\u00bb tab_id=\u00bbformacion\u00bb][vc_column_text]<strong>.\u00a0\u00a0\u00a0\u00a0\u00a0\u00a0\u00a0\u00a0 \u00a0\u00a0\u00a0ESCUELA DE FORMACI\u00d3N \u00a0PSIC. TRANSPERSONAL<\/strong><\/p>\n<p><strong>\u00a0<\/strong><\/p>\n<p><strong>\u00a0\u00a0\u00a0\u00a0\u00a0\u00a0\u00a0\u00a0\u00a0\u00a0\u00a0\u00a0\u00a0\u00a0\u00a0\u00a0\u00a0\u00a0\u00a0\u00a0\u00a0\u00a0\u00a0\u00a0\u00a0\u00a0\u00a0\u00a0\u00a0\u00a0\u00a0\u00a0\u00a0\u00a0\u00a0\u00a0\u00a0\u00a0\u00a0 Directora\u00a0 Gloria Mar\u00eda Bredice <\/strong><\/p>\n<p><strong>\u00a0<\/strong><\/p>\n<p><strong>\u00a0Psicolog\u00eda Transpersonal<\/strong><\/p>\n<p><strong>\u00a0<\/strong><\/p>\n<p>Se introduce el t\u00e9rmino Transpersonal para indicar aquello que normalmente se designa como espiritual. La experiencia transpersonal es la posibilidad de vivir estados no ordinarios de conciencia. Es la experiencia m\u00e1s all\u00e1 de nuestra propia identidad., trascendiendo las fronteras del yo o ego.<\/p>\n<p>El movimiento transpersonal trabaja sobre el estudio cient\u00edfico de los estados no comunes de conciencia, contin\u00faa con la revelaci\u00f3n por parte de la psicolog\u00eda de las religiones, y el estudio m\u00edstico comparado.<\/p>\n<p>Entre sus intereses centrales cuenta todos \u00ablos procesos, valores y estados transpersonales, la consciencia unitiva, las metanecesidades, las experiencias cumbre, el \u00e9xtasis, la experiencia m\u00edstica, el ser, la esencia, la beatitud, la reverencia, el asombro, la trascendencia del s\u00ed mismo, la intuici\u00f3n, las teor\u00edas y pr\u00e1cticas de la meditaci\u00f3n, los caminos espirituales, la compasi\u00f3n, la cooperaci\u00f3n transpersonal, la realizaci\u00f3n y actualizaci\u00f3n transpersonales y los conceptos, experiencias y actividades con ellas relacionados\u00bb Apunta hacia una integraci\u00f3n general de las vivencias trascendentales en nuestra comprensi\u00f3n de los procesos ps\u00edquicos. Esta \u00faltima consideraci\u00f3n implica la introducci\u00f3n y asimilaci\u00f3n de las ense\u00f1anzas de los sistemas psicol\u00f3gicos m\u00e1s antiguos y m\u00e1s ampliamente desarrollados, contenidos en las tradiciones espirituales de la humanidad, a la psicolog\u00eda, fomentando as\u00ed una armoniosa s\u00edntesis de nuestros conocimientos cient\u00edficos modernos con la sabidur\u00eda contemplativa y m\u00edstica creaci\u00f3n y la aplicaci\u00f3n de maneras de integrar la dimensi\u00f3n espiritual de la existencia en la vida cotidiana de las personas y con el desarrollo de potencialidades humanas latentes que sobrepasan las limitaciones del ego.<\/p>\n<p>Desde la psicolog\u00eda transpersonal se comprende al ser humano como un ser bio-psico-socio-eco-espiritual, y se entiende la psique como una combinaci\u00f3n del \u201cego\u201d y el \u201cser\u201d, estructurada en tres niveles de consciencia: inconsciente, consciente y superconsciente. Para llegar al desarrollo transpersonal \u00a0hace falta desarrollar los niveles de consciencia antecedentes.( evoluci\u00f3n de la conciencia)<\/p>\n<p>As\u00ed pues, la psicolog\u00eda transpersonal hace referencia a un desarrollo de la consciencia \u00f3ptimo. Por eso, en psicoterapia transpersonal, la enfermedad mental no se entiende como una \u201cenfermedad\u201d, sino como un s\u00edntoma que est\u00e1 escondiendo una oportunidad de desarrollo consciente y su consecuente bienestar y crecimiento personal.<\/p>\n<p>La terapia ser\u00e1 la comprensi\u00f3n de los mecanismos inconscientes, sutiles que est\u00e1n impidiendo evolucionar espiritualmente a la persona.<\/p>\n<p>&nbsp;<\/p>\n<p><strong>Objetivos de la formaci\u00f3n<\/strong><\/p>\n<p><strong>\u00a0<\/strong><\/p>\n<p><strong>La personas que cursen podr\u00e1n:<\/strong><\/p>\n<p>Conocer exhaustivamente el marco te\u00f3rico de la disciplina.<\/p>\n<p>Gestionar informaci\u00f3n de autores de esta disciplina de oriente y occidente.<\/p>\n<p>Adquirir \u00a0y aplicar\u00a0 la metodolog\u00eda de la Psicolog\u00eda transpersonal.<\/p>\n<p>Desarrollar y entrenar los procesos ps\u00edquicos b\u00e1sicos de percepci\u00f3n ps\u00edquica<\/p>\n<p>Entrenar en los m\u00e9todos y experienciar los estados de conciencia<\/p>\n<p>Capacitar\u00a0 y guiar a otros como educador transpersonal<\/p>\n<p>Abordar la consulta individual de personas interesadas<\/p>\n<p>Abordar un grupo de trabajo transpersonal o terapia.<\/p>\n<p>Guiar a una persona a trav\u00e9s de un proceso terap\u00e9utico.<\/p>\n<p>Facilitar procesos de autodescubrimiento en relaci\u00f3n a \u00a0problem\u00e1ticas de la persona.<\/p>\n<p>Facilitar una educaci\u00f3n \u00a0te\u00f3rica y pr\u00e1ctica en la Terapia Transpersonal<\/p>\n<p>Aplicar los recursos aprendidos en el \u00e1mbito profesional y personal<\/p>\n<p>Ejercer como terapeuta Transpersonal<\/p>\n<p>&nbsp;<\/p>\n<p>&nbsp;<\/p>\n<p><strong>La formaci\u00f3n <\/strong><\/p>\n<p>&nbsp;<\/p>\n<p>La Formaci\u00f3n de Terapeuta Transpersonal, tiene una duraci\u00f3n de 2 a\u00f1os, y\u00a0 un 3\u00ba a\u00f1o complementario de car\u00e1cter eminentemente pr\u00e1ctico experiencial \u00a0de entrenamiento y supervisi\u00f3n.<\/p>\n<p>El primer a\u00f1o, o <strong>Nivel Inicial<\/strong>, Curso de Psicolog\u00eda Transpersonal, est\u00e1 orientado al autodescubrimiento y su correspondiente transformaci\u00f3n personal, mediante un programa que integra la psicolog\u00eda occidental y la m\u00edstica oriental y la\u00a0 experimentaci\u00f3n personal de la trascendencia y trabajo interior. Conocimiento y estudio de los fundamentos y principales desarrollos te\u00f3ricos de esta disciplina.<\/p>\n<p>Este primer a\u00f1o propone el cultivo de la vocaci\u00f3n de aquellas personas que desean profundizar un proceso de realizaci\u00f3n \u00a0personal, al tiempo que inician su preparaci\u00f3n para ejercer como \u201cterapeutas del alma\u201d.<\/p>\n<p>El segundo a\u00f1o, o <strong>Nivel Avanzado<\/strong>, \u00a0Curso de Educaci\u00f3n y Terapia Transpersonal, est\u00e1 destinado a aquellos alumnos que han cursado el Primer Nivel ,\u00a0 Counselors ,\u00a0 psic\u00f3logos\u00a0 y terapeutas hol\u00edsticos que acrediten formaci\u00f3n\u00a0 que homologue elo primer nivel y que deseen \u00a0consolidar su vocaci\u00f3n profesional en un anhelo de mayor capacitaci\u00f3n e idoneidad. Este segundo curso trabaja pr\u00e1cticas terap\u00e9uticas m\u00e1s profundas, las \u00e1reas de intervenci\u00f3n de este m\u00e9todo y aborda m\u00faltiples casos cl\u00ednicos, tanto en individual \u00a0como en grupo, tendientes a \u00a0profesionalizar al alumno como Terapeuta Transpersonal.<\/p>\n<p>&nbsp;<\/p>\n<p><strong>El \u00a0Nivel de Pr\u00e1ctica y Supervisi\u00f3n Terap\u00e9utica<\/strong> para terapeutas, tiene un car\u00e1cter eminentemente pr\u00e1ctico y de entrenamiento; est\u00e1 concebido, para que cada Terapeuta reafirme su camino profesional y adquiera la plena competencia para aplicar esta terapia contando con la supervisi\u00f3n adecuada en su camino profesional.<\/p>\n<p>&nbsp;<\/p>\n<p><strong>Quienes pueden estudiarla<\/strong><\/p>\n<p>&nbsp;<\/p>\n<p>Profesionales \u00a0terapeutas, psic\u00f3logos, educadores, docentes, profesionales\u00a0 y terapeutas hol\u00edsticos\u00a0 que deseen\u00a0 enriquecer su abordaje y est\u00e9n interesados en formarse en esta disciplina integr\u00e1ndolo a sus respectivos abordajes.<\/p>\n<p>Abierto a personas que desean crecer interiormente, al tiempo que se sienten \u00fatiles en el apoyo psicol\u00f3gico y emocional de otras en una relaci\u00f3n de ayuda que focaliza en las dimensiones sutiles de la personalidad, la necesidad de trascendencia y la comprensi\u00f3n profunda de los fen\u00f3menos m\u00e1s all\u00e1 de lo f\u00edsico.<\/p>\n<p>As\u00ed mismo, a quienes sientan una vocaci\u00f3n de acompa\u00f1amiento a personas en momentos de crisis desde la dimensi\u00f3n transpersonal y deseen reorientar su vida hacia una nueva profesi\u00f3n que facilite la expansi\u00f3n de la consciencia y la resoluci\u00f3n de conflictos desde una profunda autoobservaci\u00f3n y discernimiento basados en el paradigma evolutivo de conciencia de la Psicolog\u00eda Transpersonal.<\/p>\n<p>[\/vc_column_text][\/vc_tta_section][vc_tta_section i_type=\u00bblinecons\u00bb i_icon_linecons=\u00bbvc_li vc_li-note\u00bb add_icon=\u00bbtrue\u00bb title=\u00bbPrograma\u00bb tab_id=\u00bbprograma\u00bb][vc_row_inner][vc_column_inner width=\u00bb1\/3&#8243;][vc_column_text]Curso I Psicolog\u00eda Transpersonal Nivel I Contenidos<\/p>\n<p>Modulo I<br \/>\nEl paradigma de conciencia.<\/p>\n<p>ModuloII<br \/>\nLa interioridad.<\/p>\n<p>Modulo III<br \/>\nMarco te\u00f3rico y fundamentos<\/p>\n<p>Modulo IV<br \/>\nLos estados de conciencia.<\/p>\n<p>Modulo V<br \/>\nLos modelos transpersonales y sus metodolog\u00edas<\/p>\n<p>Modulo VI<br \/>\nEl consultor psicoespiritual<\/p>\n<p>Modulo VII<br \/>\nIntegraci\u00f3n y evaluaci\u00f3n.<br \/>\nEntrenamiento t\u00e9cnico<br \/>\nTrabajos pr\u00e1cticos y presentaci\u00f3n de monograf\u00edas<\/p>\n<p>T\u00e9cnicas a aplicar en el aprendizaje experiencial[\/vc_column_text][\/vc_column_inner][vc_column_inner width=\u00bb1\/3&#8243;][vc_column_text]Curso II Terapia Transpersonal Nivel II Contenidos<\/p>\n<p>M\u00f3dulo I<br \/>\nLa terapia transpersonal<\/p>\n<p>M\u00f3dulo II<br \/>\nCrisis personales<\/p>\n<p>M\u00f3dulo III<br \/>\nEI Cuerpo<\/p>\n<p>M\u00f3dulo IV<br \/>\nLos ciclos de la vida<\/p>\n<p>Seminario I<br \/>\nLa Meditaci\u00f3n Transpersonal<\/p>\n<p>Seminario II<br \/>\nEstados no ordinarios de conciencia<\/p>\n<p>Seminario III<br \/>\nInteligencia transpersonal<\/p>\n<p>Seminario IV<br \/>\nTerapia de regresi\u00f3n<\/p>\n<p>Integraci\u00f3n y evaluaci\u00f3n<\/p>\n<p>Certificaci\u00f3n oficial Curso Terapia Transpersonal<br \/>\nDiploma Consultor en Educaci\u00f3n Transpersonal [\/vc_column_text][\/vc_column_inner][vc_column_inner width=\u00bb1\/3&#8243;][vc_column_text]PROGRAMA Nivel III Entrenamiento y supervisi\u00f3n en Terapia Transpersonal<\/p>\n<p>Requisitos:<br \/>\nEntrenamiento como terapeuta<br \/>\nAsistencia al Grupo de supervisi\u00f3n<br \/>\nProceso de terapia individual y-o grupal[\/vc_column_text][\/vc_column_inner][\/vc_row_inner][\/vc_tta_section][\/vc_tta_tabs][\/vc_column][\/vc_row][vc_row tm_bgimagefixed=\u00bb\u00bb full_width=\u00bbstretch_row\u00bb css=\u00bb.vc_custom_1597857768831{background-image: url(http:\/\/fundaciontendrel.org\/web\/wp-content\/uploads\/2020\/08\/bg-mac.jpg?id=104) !important;background-position: center !important;background-repeat: no-repeat !important;background-size: cover !important;}\u00bb][vc_column][vc_row_inner][vc_column_inner tm_bgcolor=\u00bbwhite\u00bb el_class=\u00bbsombra\u00bb width=\u00bb1\/6&#8243;][\/vc_column_inner][vc_column_inner tm_bgcolor=\u00bbwhite\u00bb el_class=\u00bbsombra\u00bb width=\u00bb2\/3&#8243; css=\u00bb.vc_custom_1597857838134{padding-top: 35px !important;padding-right: 35px !important;padding-bottom: 35px !important;padding-left: 35px !important;}\u00bb]<div class=\"tm-element-heading-wrapper tm-heading-inner tm-element-align-center tm-seperator-solid tm-heading-style-vertical \"><section class=\"tm-vc_cta3-container\"><div class=\"tm-vc_general tm-vc_cta3 tm-cta3-only tm-vc_cta3-style-classic tm-vc_cta3-shape-rounded tm-vc_cta3-align-center tm-vc_cta3-color-transparent tm-vc_cta3-icon-size-md tm-vc_cta3-actions-no tm-cta3-without-desc\"><div class=\"tm-vc_cta3_content-container\"><div class=\"tm-vc_cta3-content\"><header class=\"tm-vc_cta3-content-header tm-wrap\"><div class=\"tm-vc_cta3-headers tm-wrap-cell\"><h4 class=\"tm-custom-heading \" >FORMACI\u00d3N PROFESIONAL<\/h4>\n<h2 class=\"tm-custom-heading \" >Cambi\u00e1 tu futuro desde hoy<\/h2>\n<\/div><div class=\"heading-seperator\"><span><\/span><\/div><\/header><\/div><\/div><\/div><\/section><\/div> <!-- .tm-element-heading-wrapper container --> \n<div class=\"wpcf7 no-js\" id=\"wpcf7-f103-o1\" lang=\"es-ES\" dir=\"ltr\" data-wpcf7-id=\"103\">\n<div class=\"screen-reader-response\"><p role=\"status\" aria-live=\"polite\" aria-atomic=\"true\"><\/p> <ul><\/ul><\/div>\n<form action=\"\/web\/wp-json\/wp\/v2\/pages\/168#wpcf7-f103-o1\" method=\"post\" class=\"wpcf7-form init\" aria-label=\"Formulario de contacto\" novalidate=\"novalidate\" data-status=\"init\">\n<fieldset class=\"hidden-fields-container\"><input type=\"hidden\" name=\"_wpcf7\" value=\"103\" \/><input type=\"hidden\" name=\"_wpcf7_version\" value=\"6.1.6\" \/><input type=\"hidden\" name=\"_wpcf7_locale\" value=\"es_ES\" \/><input type=\"hidden\" name=\"_wpcf7_unit_tag\" value=\"wpcf7-f103-o1\" \/><input type=\"hidden\" name=\"_wpcf7_container_post\" value=\"0\" \/><input type=\"hidden\" name=\"_wpcf7_posted_data_hash\" value=\"\" \/><input type=\"hidden\" name=\"_wpcf7_recaptcha_response\" value=\"\" \/>\n<\/fieldset>\n<div class=\"tm-contactform tm-commonform\">\n\t<div class=\"row\">\n\t\t<div class=\"col-xs-6\">\n\t\t\t<div class=\"field-group\">\n\t\t\t\t<p><span class=\"wpcf7-form-control-wrap\" data-name=\"nombre\"><input size=\"40\" maxlength=\"400\" class=\"wpcf7-form-control wpcf7-text wpcf7-validates-as-required\" aria-required=\"true\" aria-invalid=\"false\" placeholder=\"Tu Nombre y Apellido *\" value=\"\" type=\"text\" name=\"nombre\" \/><\/span>\n\t\t\t\t<\/p>\n\t\t\t<\/div>\n\t\t<\/div>\n\t\t<div class=\"col-xs-6\">\n\t\t\t<div class=\"field-group\">\n\t\t\t\t<p><span class=\"wpcf7-form-control-wrap\" data-name=\"email\"><input size=\"40\" maxlength=\"400\" class=\"wpcf7-form-control wpcf7-email wpcf7-validates-as-required wpcf7-text wpcf7-validates-as-email\" aria-required=\"true\" aria-invalid=\"false\" placeholder=\"Tu Email *\" value=\"\" type=\"email\" name=\"email\" \/><\/span>\n\t\t\t\t<\/p>\n\t\t\t<\/div>\n\t\t<\/div>\n\t<\/div>\n\t<div class=\"row\">\n\t\t<div class=\"col-xs-6\">\n\t\t\t<div class=\"field-group\">\n\t\t\t\t<p><span class=\"wpcf7-form-control-wrap\" data-name=\"telefono\"><input size=\"40\" maxlength=\"400\" class=\"wpcf7-form-control wpcf7-text wpcf7-validates-as-required\" aria-required=\"true\" aria-invalid=\"false\" placeholder=\"Tu Telefono\" value=\"\" type=\"text\" name=\"telefono\" \/><\/span>\n\t\t\t\t<\/p>\n\t\t\t<\/div>\n\t\t<\/div>\n\t\t<div class=\"col-xs-6\">\n\t\t\t<div class=\"field-group\">\n\t\t\t\t<p><span class=\"wpcf7-form-control-wrap\" data-name=\"localidad\"><input size=\"40\" maxlength=\"400\" class=\"wpcf7-form-control wpcf7-text wpcf7-validates-as-required\" aria-required=\"true\" aria-invalid=\"false\" placeholder=\"Tu Localidad\" value=\"\" type=\"text\" name=\"localidad\" \/><\/span>\n\t\t\t\t<\/p>\n\t\t\t<\/div>\n\t\t<\/div>\n\t<\/div>\n\t<div class=\"row\">\n\t\t<div class=\"col-xs-12 col-sm-12\">\n\t\t\t<div class=\"field-group\">\n\t\t\t\t<p><span class=\"wpcf7-form-control-wrap\" data-name=\"consulta\"><textarea cols=\"40\" rows=\"10\" maxlength=\"2000\" class=\"wpcf7-form-control wpcf7-textarea wpcf7-validates-as-required\" aria-required=\"true\" aria-invalid=\"false\" placeholder=\"Detalles adicionales...\" name=\"consulta\"><\/textarea><\/span>\n\t\t\t\t<\/p>\n\t\t\t<\/div>\n\t\t<\/div>\n\t<\/div>\n\t<div class=\"row\">\n\t\t<div class=\"col-xs-12 col-sm-12 tm-book-submitbt\">\n\t\t\t<p><input class=\"wpcf7-form-control wpcf7-submit has-spinner tm-vc_general tm-vc_btn3 tm-vc_btn3-style-outline tm-vc_btn3-size-md tm-vc_btn3-color-skincolor\" type=\"submit\" value=\"Enviar Consulta!\" \/>\n\t\t\t<\/p>\n\t\t<\/div>\n\t<\/div>\n<\/div><div class=\"wpcf7-response-output\" aria-hidden=\"true\"><\/div>\n<\/form>\n<\/div>\n[\/vc_column_inner][vc_column_inner width=\u00bb1\/6&#8243;][\/vc_column_inner][\/vc_row_inner][\/vc_column][\/vc_row]<\/p>\n","protected":false},"excerpt":{"rendered":"<p>[vc_row tm_bgimagefixed=\u00bb\u00bb css=\u00bb.vc_custom_1597886995281{padding-bottom: 40px !important;}\u00bb][vc_column][\/vc_column][\/vc_row][vc_row tm_bgimagefixed=\u00bb\u00bb equal_height=\u00bbyes\u00bb css=\u00bb.vc_custom_1597887004201{padding-top: 0px !important;padding-bottom: 40px !important;}\u00bb][vc_column width=\u00bb1\/2&#8243;][\/vc_column][vc_column width=\u00bb1\/2&#8243;][vc_empty_space height=\u00bb20px\u00bb][vc_single_image image=\u00bb175&#8243; img_size=\u00bbfull\u00bb alignment=\u00bbcenter\u00bb style=\u00bbvc_box_rounded\u00bb][\/vc_column][\/vc_row][vc_row tm_bgimagefixed=\u00bb\u00bb css=\u00bb.vc_custom_1597887011638{padding-top: 0px !important;padding-bottom: 40px !important;}\u00bb][vc_column][vc_tta_tabs shape=\u00bbrounded\u00bb active_section=\u00bb1&#8243; el_class=\u00bbtm-fluid-menu\u00bb][vc_tta_section i_type=\u00bblinecons\u00bb i_icon_linecons=\u00bbvc_li vc_li-study\u00bb add_icon=\u00bbtrue\u00bb title=\u00bbLa Formaci\u00f3n\u00bb tab_id=\u00bbformacion\u00bb][vc_column_text].\u00a0\u00a0\u00a0\u00a0\u00a0\u00a0\u00a0\u00a0 \u00a0\u00a0\u00a0ESCUELA DE FORMACI\u00d3N \u00a0PSIC. TRANSPERSONAL \u00a0 \u00a0\u00a0\u00a0\u00a0\u00a0\u00a0\u00a0\u00a0\u00a0\u00a0\u00a0\u00a0\u00a0\u00a0\u00a0\u00a0\u00a0\u00a0\u00a0\u00a0\u00a0\u00a0\u00a0\u00a0\u00a0\u00a0\u00a0\u00a0\u00a0\u00a0\u00a0\u00a0\u00a0\u00a0\u00a0\u00a0\u00a0\u00a0\u00a0 Directora\u00a0 Gloria Mar\u00eda Bredice \u00a0 \u00a0Psicolog\u00eda Transpersonal \u00a0 Se introduce el t\u00e9rmino Transpersonal &hellip; <a href=\"https:\/\/fundaciontendrel.org\/web\/cursos-y-capacitaciones\/formacion-en-psicologia-transpersonal\/\" class=\"more-link\">Continue reading <span class=\"screen-reader-text\">Formaci\u00f3n en Psicolog\u00eda Transpersonal<\/span><\/a><\/p>\n","protected":false},"author":2,"featured_media":0,"parent":16,"menu_order":0,"comment_status":"closed","ping_status":"closed","template":"","meta":{"footnotes":""},"class_list":["post-168","page","type-page","status-publish","hentry"],"_links":{"self":[{"href":"https:\/\/fundaciontendrel.org\/web\/wp-json\/wp\/v2\/pages\/168","targetHints":{"allow":["GET"]}}],"collection":[{"href":"https:\/\/fundaciontendrel.org\/web\/wp-json\/wp\/v2\/pages"}],"about":[{"href":"https:\/\/fundaciontendrel.org\/web\/wp-json\/wp\/v2\/types\/page"}],"author":[{"embeddable":true,"href":"https:\/\/fundaciontendrel.org\/web\/wp-json\/wp\/v2\/users\/2"}],"replies":[{"embeddable":true,"href":"https:\/\/fundaciontendrel.org\/web\/wp-json\/wp\/v2\/comments?post=168"}],"version-history":[{"count":8,"href":"https:\/\/fundaciontendrel.org\/web\/wp-json\/wp\/v2\/pages\/168\/revisions"}],"predecessor-version":[{"id":354,"href":"https:\/\/fundaciontendrel.org\/web\/wp-json\/wp\/v2\/pages\/168\/revisions\/354"}],"up":[{"embeddable":true,"href":"https:\/\/fundaciontendrel.org\/web\/wp-json\/wp\/v2\/pages\/16"}],"wp:attachment":[{"href":"https:\/\/fundaciontendrel.org\/web\/wp-json\/wp\/v2\/media?parent=168"}],"curies":[{"name":"wp","href":"https:\/\/api.w.org\/{rel}","templated":true}]}}