{"id":185,"date":"2020-08-20T11:02:43","date_gmt":"2020-08-20T14:02:43","guid":{"rendered":"http:\/\/fundaciontendrel.org\/web\/?page_id=185"},"modified":"2021-01-05T16:37:12","modified_gmt":"2021-01-05T19:37:12","slug":"tec-sup-en-operador-psicosocial","status":"publish","type":"page","link":"https:\/\/fundaciontendrel.org\/web\/cursos-y-capacitaciones\/tec-sup-en-operador-psicosocial\/","title":{"rendered":"Tec. Sup. en Operador Psicosocial"},"content":{"rendered":"<p>[vc_row tm_bgimagefixed=\u00bb\u00bb css=\u00bb.vc_custom_1597886995281{padding-bottom: 40px !important;}\u00bb][vc_column]<div class=\"tm-element-heading-wrapper tm-heading-inner tm-element-align-left tm-seperator-solid tm-heading-style-horizontal \"><section class=\"tm-vc_cta3-container\"><div class=\"tm-vc_general tm-vc_cta3 tm-cta3-only tm-vc_cta3-style-classic tm-vc_cta3-shape-rounded tm-vc_cta3-align-left tm-vc_cta3-color-transparent tm-vc_cta3-icon-size-md tm-vc_cta3-actions-no tm-cta3-with-desc\"><div class=\"tm-vc_cta3_content-container\"><div class=\"tm-vc_cta3-content\"><header class=\"tm-vc_cta3-content-header tm-wrap\"><div class=\"tm-vc_cta3-headers tm-wrap-cell\"><h4 class=\"tm-custom-heading \" >TECNICATURA SUPERIOR<\/h4>\n<h2 class=\"tm-custom-heading \" >Operador Psicosocial<\/h2>\n<\/div><div class=\"heading-seperator\"><span><\/span><\/div><\/header><div class=\"tm-cta3-content-wrapper\"><p>CONTACTO:<br \/>\nFUNDACI\u00d3N TENDREL \u2013 SAN LUIS 1280 \u2013 TE 0341-2986057<br \/>\nJORGELINA VERNUCCIO 3413582143 \u2013 prof.vernuccio@gmail.com<br \/>\nSi sus horarios no coinciden con nuestra propuesta, puede solicitar un encuentro personal informativo.<\/p><\/div><\/div><\/div><\/div><\/section><\/div> <!-- .tm-element-heading-wrapper container --> [\/vc_column][\/vc_row][vc_row tm_bgimagefixed=\u00bb\u00bb equal_height=\u00bbyes\u00bb css=\u00bb.vc_custom_1597887004201{padding-top: 0px !important;padding-bottom: 40px !important;}\u00bb][vc_column width=\u00bb1\/2&#8243;]<div class=\"tm-element-heading-wrapper tm-heading-inner tm-element-align-left tm-seperator-solid tm-heading-style-vertical \"><section class=\"tm-vc_cta3-container\"><div class=\"tm-vc_general tm-vc_cta3 tm-cta3-only tm-vc_cta3-style-classic tm-vc_cta3-shape-rounded tm-vc_cta3-align-left tm-vc_cta3-color-transparent tm-vc_cta3-icon-size-md tm-vc_cta3-actions-no tm-cta3-with-desc\"><div class=\"tm-vc_cta3_content-container\"><div class=\"tm-vc_cta3-content\"><header class=\"tm-vc_cta3-content-header tm-wrap\"><div class=\"tm-vc_cta3-headers tm-wrap-cell\"><h2 style=\"font-size:35px;line-height:45px;\" class=\"tm-custom-heading \" >Psicolog\u00eda Social<\/h2>\n<\/div><div class=\"heading-seperator\"><span><\/span><\/div><\/header><div class=\"tm-cta3-content-wrapper\"><p>La Psicolog\u00eda Social tiene como finalidad el estudio de las tramas en la sociedad. Se interesa por la persona singular y su inclusi\u00f3n social, siendo su campo de acci\u00f3n e intervenci\u00f3n la interacci\u00f3n humana. Su \u00e1mbito de trabajo son los grupos, las organizaciones (empresas y sociedad) y las comunidades. Apunta a resolver las problem\u00e1ticas vinculares y de comunicaci\u00f3n en grupos, equipos e instituciones, haciendo as\u00ed un aporte a la calidad de vida y al desarrollo de la creatividad de esos grupos e instituciones.<\/p>\n<p><strong>T\u00cdTULO:<\/strong> Operador en Psicolog\u00eda Social.<\/p>\n<p><strong>DURACI\u00d3N DE LA CARRERA:<\/strong> 4 a\u00f1os<\/p>\n<p>Carrera aprobada por Res.N\u00ba 583 del Ministerio de Educaci\u00f3n, Cultura, Ciencia y Tecnolog\u00eda de la Provincia del Chaco con fecha 09 de marzo del 2005.<\/p><\/div><\/div><\/div><\/div><\/section><\/div> <!-- .tm-element-heading-wrapper container --> [\/vc_column][vc_column width=\u00bb1\/2&#8243;][vc_empty_space height=\u00bb20px\u00bb][vc_single_image image=\u00bb190&#8243; img_size=\u00bbfull\u00bb alignment=\u00bbcenter\u00bb style=\u00bbvc_box_rounded\u00bb][\/vc_column][\/vc_row][vc_row tm_bgimagefixed=\u00bb\u00bb css=\u00bb.vc_custom_1597887011638{padding-top: 0px !important;padding-bottom: 40px !important;}\u00bb][vc_column][vc_tta_tabs shape=\u00bbrounded\u00bb active_section=\u00bb1&#8243; el_class=\u00bbtm-fluid-menu\u00bb][vc_tta_section i_type=\u00bblinecons\u00bb i_icon_linecons=\u00bbvc_li vc_li-study\u00bb add_icon=\u00bbtrue\u00bb title=\u00bbCompetencia del t\u00edtulo\u00bb tab_id=\u00bbcompetencia\u00bb][vc_column_text]El Operador psicosocial, es apto para desempe\u00f1arse tanto en el \u00e1mbito p\u00fablico, como en el privado, en las \u00e1reas de Educaci\u00f3n, Trabajo, Desarrollo Social, Recreaci\u00f3n, Deportes, Medio Ambiente, Sector Empresario, Productivo y de Servicios, operando en tareas vinculadas con la capacitaci\u00f3n, proyectos de fortalecimiento, y desarrollo de recursos humanos; podr\u00e1 desarrollarse como docente y coordinador de \u00e1reas de su competencia, y como capacitador de profesores del \u00e1rea.<\/p>\n<p>Podr\u00e1 insertarse tambi\u00e9n en programas existentes (de nivel municipal, Provincial o Nacional), dise\u00f1ando y ejecutando proyectos sociales.[\/vc_column_text][\/vc_tta_section][vc_tta_section i_type=\u00bblinecons\u00bb i_icon_linecons=\u00bbvc_li vc_li-study\u00bb add_icon=\u00bbtrue\u00bb title=\u00bbPlan de Estudios\u00bb tab_id=\u00bbplan-estudios\u00bb][vc_row_inner][vc_column_inner width=\u00bb1\/4&#8243;][vc_column_text]<\/p>\n<h4>1er A\u00d1O<\/h4>\n<p>Introduci\u00f3n a la Psicologia Social<br \/>\nTeor\u00eda de los Grupos<br \/>\nTeor\u00eda del Aprendizaje<br \/>\nPr\u00e1ctica en Campo I<br \/>\nEscuelas Fundantes de la Psicolog\u00eda Social<br \/>\nMetodolog\u00eda de la Investigaci\u00f3n<br \/>\nTeor\u00eda de la Comunicaci\u00f3n[\/vc_column_text][\/vc_column_inner][vc_column_inner width=\u00bb1\/4&#8243;][vc_column_text]<\/p>\n<h4>2do A\u00d1O<\/h4>\n<p>Constituci\u00f3n de la Subjetividad<br \/>\nTeor\u00eda de la Conducta I<br \/>\nDid\u00e1ctica de la Psicolog\u00eda Social<br \/>\nPr\u00e1ctica en Campo II<br \/>\nVida Cotidiana &#8211; An\u00e1lisis Cr\u00edtico<br \/>\nTeor\u00eda de la Conducta II<br \/>\nTeor\u00eda de la Creatividad[\/vc_column_text][\/vc_column_inner][vc_column_inner width=\u00bb1\/4&#8243;][vc_column_text]<\/p>\n<h4>3er A\u00d1O<\/h4>\n<p>T\u00e9cnica de Grupo Operativo I<br \/>\nOperaci\u00f3n Psicosocial I<br \/>\nIngl\u00e9s<br \/>\nPr\u00e1ctica de la Observaci\u00f3n<br \/>\nTeor\u00eda de la T\u00e9cnica de la Observaci\u00f3n<br \/>\n\u00c1mbitos de Aplicaci\u00f3n de la Psicolog\u00eda Social[\/vc_column_text][\/vc_column_inner][vc_column_inner width=\u00bb1\/4&#8243;][vc_column_text]<\/p>\n<h4>4to A\u00d1O<\/h4>\n<p>T\u00e9cnica de Grupo Operativo II<br \/>\nOperaci\u00f3n Psicosocial II<br \/>\nSeminario de Desarrollo Local<br \/>\nPr\u00e1ctica de Coordinaci\u00f3n y Operaci\u00f3n Psicosocial<br \/>\nT\u00e9cnica de Abordaje desde la Psicolog\u00eda Social<br \/>\nEstructura y Din\u00e1mica del Rol de Coordinador<br \/>\n\u00c9tica Fundamental[\/vc_column_text][\/vc_column_inner][\/vc_row_inner][\/vc_tta_section][vc_tta_section i_type=\u00bblinecons\u00bb i_icon_linecons=\u00bbvc_li vc_li-vallet\u00bb add_icon=\u00bbtrue\u00bb title=\u00bbArancel\u00bb tab_id=\u00bbarancel\u00bb][vc_column_text]MODALIDAD DE CURSADO: Online por plataforma educativa. Encuentros presenciales opcionales sujetos a situaci\u00f3n epidemiol\u00f3gica.<br \/>\nARANCEL MENSUAL$6000 hasta julio, se actualiza agosto<br \/>\nMATR\u00cdCULA: $6000 (se abona al inicio de la carrera)<\/p>\n<p>REQUISITOS DE INSCRIPCI\u00d3N<br \/>\nT\u00cdTULO SECUNDARIO(**)<br \/>\nFOTOCOPIA DE D.N.I.<br \/>\nFOTOCOPIA DE PARTIDA DE NACIMIENTO<br \/>\nDOS FOTOS CARNET<br \/>\nCERTIFICADO DE SALUD[\/vc_column_text][\/vc_tta_section][\/vc_tta_tabs][\/vc_column][\/vc_row][vc_row tm_bgimagefixed=\u00bb\u00bb full_width=\u00bbstretch_row\u00bb css=\u00bb.vc_custom_1597857768831{background-image: url(http:\/\/fundaciontendrel.org\/web\/wp-content\/uploads\/2020\/08\/bg-mac.jpg?id=104) !important;background-position: center !important;background-repeat: no-repeat !important;background-size: cover !important;}\u00bb][vc_column][vc_row_inner][vc_column_inner tm_bgcolor=\u00bbwhite\u00bb el_class=\u00bbsombra\u00bb width=\u00bb1\/6&#8243;][\/vc_column_inner][vc_column_inner tm_bgcolor=\u00bbwhite\u00bb el_class=\u00bbsombra\u00bb width=\u00bb2\/3&#8243; css=\u00bb.vc_custom_1597857838134{padding-top: 35px !important;padding-right: 35px !important;padding-bottom: 35px !important;padding-left: 35px !important;}\u00bb]<div class=\"tm-element-heading-wrapper tm-heading-inner tm-element-align-center tm-seperator-solid tm-heading-style-vertical \"><section class=\"tm-vc_cta3-container\"><div class=\"tm-vc_general tm-vc_cta3 tm-cta3-only tm-vc_cta3-style-classic tm-vc_cta3-shape-rounded tm-vc_cta3-align-center tm-vc_cta3-color-transparent tm-vc_cta3-icon-size-md tm-vc_cta3-actions-no tm-cta3-without-desc\"><div class=\"tm-vc_cta3_content-container\"><div class=\"tm-vc_cta3-content\"><header class=\"tm-vc_cta3-content-header tm-wrap\"><div class=\"tm-vc_cta3-headers tm-wrap-cell\"><h4 class=\"tm-custom-heading \" >FORMACI\u00d3N PROFESIONAL<\/h4>\n<h2 class=\"tm-custom-heading \" >Cambi\u00e1 tu futuro desde hoy<\/h2>\n<\/div><div class=\"heading-seperator\"><span><\/span><\/div><\/header><\/div><\/div><\/div><\/section><\/div> <!-- .tm-element-heading-wrapper container --> \n<div class=\"wpcf7 no-js\" id=\"wpcf7-f103-o1\" lang=\"es-ES\" dir=\"ltr\" data-wpcf7-id=\"103\">\n<div class=\"screen-reader-response\"><p role=\"status\" aria-live=\"polite\" aria-atomic=\"true\"><\/p> <ul><\/ul><\/div>\n<form action=\"\/web\/wp-json\/wp\/v2\/pages\/185#wpcf7-f103-o1\" method=\"post\" class=\"wpcf7-form init\" aria-label=\"Formulario de contacto\" novalidate=\"novalidate\" data-status=\"init\">\n<fieldset class=\"hidden-fields-container\"><input type=\"hidden\" name=\"_wpcf7\" value=\"103\" \/><input type=\"hidden\" name=\"_wpcf7_version\" value=\"6.1.6\" \/><input type=\"hidden\" name=\"_wpcf7_locale\" value=\"es_ES\" \/><input type=\"hidden\" name=\"_wpcf7_unit_tag\" value=\"wpcf7-f103-o1\" \/><input type=\"hidden\" name=\"_wpcf7_container_post\" value=\"0\" \/><input type=\"hidden\" name=\"_wpcf7_posted_data_hash\" value=\"\" \/><input type=\"hidden\" name=\"_wpcf7_recaptcha_response\" value=\"\" \/>\n<\/fieldset>\n<div class=\"tm-contactform tm-commonform\">\n\t<div class=\"row\">\n\t\t<div class=\"col-xs-6\">\n\t\t\t<div class=\"field-group\">\n\t\t\t\t<p><span class=\"wpcf7-form-control-wrap\" data-name=\"nombre\"><input size=\"40\" maxlength=\"400\" class=\"wpcf7-form-control wpcf7-text wpcf7-validates-as-required\" aria-required=\"true\" aria-invalid=\"false\" placeholder=\"Tu Nombre y Apellido *\" value=\"\" type=\"text\" name=\"nombre\" \/><\/span>\n\t\t\t\t<\/p>\n\t\t\t<\/div>\n\t\t<\/div>\n\t\t<div class=\"col-xs-6\">\n\t\t\t<div class=\"field-group\">\n\t\t\t\t<p><span class=\"wpcf7-form-control-wrap\" data-name=\"email\"><input size=\"40\" maxlength=\"400\" class=\"wpcf7-form-control wpcf7-email wpcf7-validates-as-required wpcf7-text wpcf7-validates-as-email\" aria-required=\"true\" aria-invalid=\"false\" placeholder=\"Tu Email *\" value=\"\" type=\"email\" name=\"email\" \/><\/span>\n\t\t\t\t<\/p>\n\t\t\t<\/div>\n\t\t<\/div>\n\t<\/div>\n\t<div class=\"row\">\n\t\t<div class=\"col-xs-6\">\n\t\t\t<div class=\"field-group\">\n\t\t\t\t<p><span class=\"wpcf7-form-control-wrap\" data-name=\"telefono\"><input size=\"40\" maxlength=\"400\" class=\"wpcf7-form-control wpcf7-text wpcf7-validates-as-required\" aria-required=\"true\" aria-invalid=\"false\" placeholder=\"Tu Telefono\" value=\"\" type=\"text\" name=\"telefono\" \/><\/span>\n\t\t\t\t<\/p>\n\t\t\t<\/div>\n\t\t<\/div>\n\t\t<div class=\"col-xs-6\">\n\t\t\t<div class=\"field-group\">\n\t\t\t\t<p><span class=\"wpcf7-form-control-wrap\" data-name=\"localidad\"><input size=\"40\" maxlength=\"400\" class=\"wpcf7-form-control wpcf7-text wpcf7-validates-as-required\" aria-required=\"true\" aria-invalid=\"false\" placeholder=\"Tu Localidad\" value=\"\" type=\"text\" name=\"localidad\" \/><\/span>\n\t\t\t\t<\/p>\n\t\t\t<\/div>\n\t\t<\/div>\n\t<\/div>\n\t<div class=\"row\">\n\t\t<div class=\"col-xs-12 col-sm-12\">\n\t\t\t<div class=\"field-group\">\n\t\t\t\t<p><span class=\"wpcf7-form-control-wrap\" data-name=\"consulta\"><textarea cols=\"40\" rows=\"10\" maxlength=\"2000\" class=\"wpcf7-form-control wpcf7-textarea wpcf7-validates-as-required\" aria-required=\"true\" aria-invalid=\"false\" placeholder=\"Detalles adicionales...\" name=\"consulta\"><\/textarea><\/span>\n\t\t\t\t<\/p>\n\t\t\t<\/div>\n\t\t<\/div>\n\t<\/div>\n\t<div class=\"row\">\n\t\t<div class=\"col-xs-12 col-sm-12 tm-book-submitbt\">\n\t\t\t<p><input class=\"wpcf7-form-control wpcf7-submit has-spinner tm-vc_general tm-vc_btn3 tm-vc_btn3-style-outline tm-vc_btn3-size-md tm-vc_btn3-color-skincolor\" type=\"submit\" value=\"Enviar Consulta!\" \/>\n\t\t\t<\/p>\n\t\t<\/div>\n\t<\/div>\n<\/div><div class=\"wpcf7-response-output\" aria-hidden=\"true\"><\/div>\n<\/form>\n<\/div>\n[\/vc_column_inner][vc_column_inner width=\u00bb1\/6&#8243;][\/vc_column_inner][\/vc_row_inner][\/vc_column][\/vc_row]<\/p>\n","protected":false},"excerpt":{"rendered":"<p>[vc_row tm_bgimagefixed=\u00bb\u00bb css=\u00bb.vc_custom_1597886995281{padding-bottom: 40px !important;}\u00bb][vc_column][\/vc_column][\/vc_row][vc_row tm_bgimagefixed=\u00bb\u00bb equal_height=\u00bbyes\u00bb css=\u00bb.vc_custom_1597887004201{padding-top: 0px !important;padding-bottom: 40px !important;}\u00bb][vc_column width=\u00bb1\/2&#8243;][\/vc_column][vc_column width=\u00bb1\/2&#8243;][vc_empty_space height=\u00bb20px\u00bb][vc_single_image image=\u00bb190&#8243; img_size=\u00bbfull\u00bb alignment=\u00bbcenter\u00bb style=\u00bbvc_box_rounded\u00bb][\/vc_column][\/vc_row][vc_row tm_bgimagefixed=\u00bb\u00bb css=\u00bb.vc_custom_1597887011638{padding-top: 0px !important;padding-bottom: 40px !important;}\u00bb][vc_column][vc_tta_tabs shape=\u00bbrounded\u00bb active_section=\u00bb1&#8243; el_class=\u00bbtm-fluid-menu\u00bb][vc_tta_section i_type=\u00bblinecons\u00bb i_icon_linecons=\u00bbvc_li vc_li-study\u00bb add_icon=\u00bbtrue\u00bb title=\u00bbCompetencia del t\u00edtulo\u00bb tab_id=\u00bbcompetencia\u00bb][vc_column_text]El Operador psicosocial, es apto para desempe\u00f1arse tanto en el \u00e1mbito p\u00fablico, como en el privado, en las \u00e1reas de &hellip; <a href=\"https:\/\/fundaciontendrel.org\/web\/cursos-y-capacitaciones\/tec-sup-en-operador-psicosocial\/\" class=\"more-link\">Continue reading <span class=\"screen-reader-text\">Tec. Sup. en Operador Psicosocial<\/span><\/a><\/p>\n","protected":false},"author":2,"featured_media":0,"parent":16,"menu_order":0,"comment_status":"closed","ping_status":"closed","template":"","meta":{"footnotes":""},"class_list":["post-185","page","type-page","status-publish","hentry"],"_links":{"self":[{"href":"https:\/\/fundaciontendrel.org\/web\/wp-json\/wp\/v2\/pages\/185","targetHints":{"allow":["GET"]}}],"collection":[{"href":"https:\/\/fundaciontendrel.org\/web\/wp-json\/wp\/v2\/pages"}],"about":[{"href":"https:\/\/fundaciontendrel.org\/web\/wp-json\/wp\/v2\/types\/page"}],"author":[{"embeddable":true,"href":"https:\/\/fundaciontendrel.org\/web\/wp-json\/wp\/v2\/users\/2"}],"replies":[{"embeddable":true,"href":"https:\/\/fundaciontendrel.org\/web\/wp-json\/wp\/v2\/comments?post=185"}],"version-history":[{"count":6,"href":"https:\/\/fundaciontendrel.org\/web\/wp-json\/wp\/v2\/pages\/185\/revisions"}],"predecessor-version":[{"id":335,"href":"https:\/\/fundaciontendrel.org\/web\/wp-json\/wp\/v2\/pages\/185\/revisions\/335"}],"up":[{"embeddable":true,"href":"https:\/\/fundaciontendrel.org\/web\/wp-json\/wp\/v2\/pages\/16"}],"wp:attachment":[{"href":"https:\/\/fundaciontendrel.org\/web\/wp-json\/wp\/v2\/media?parent=185"}],"curies":[{"name":"wp","href":"https:\/\/api.w.org\/{rel}","templated":true}]}}